{"id":107,"date":"2024-06-06T07:46:14","date_gmt":"2024-06-06T05:46:14","guid":{"rendered":"https:\/\/oposicionesinformaticaysai.com\/?page_id=107"},"modified":"2024-06-12T08:20:50","modified_gmt":"2024-06-12T06:20:50","slug":"especialidades","status":"publish","type":"page","link":"https:\/\/oposicionesinformaticaysai.com\/index.php\/especialidades\/","title":{"rendered":"Especialidades"},"content":{"rendered":"\n<div class=\"wp-block-columns is-layout-flex wp-container-core-columns-is-layout-1 wp-block-columns-is-layout-flex\" style=\"margin-top:0;margin-bottom:0;padding-top:var(--wp--preset--spacing--small);padding-right:0;padding-bottom:var(--wp--preset--spacing--small);padding-left:0\">\n<div class=\"wp-block-column is-vertically-aligned-stretch has-border-color has-text-primary-border-color has-silver-blue-background-color has-background is-layout-flow wp-block-column-is-layout-flow\" style=\"border-style:dotted;padding-top:var(--wp--preset--spacing--medium);padding-right:var(--wp--preset--spacing--small);padding-bottom:var(--wp--preset--spacing--medium);padding-left:var(--wp--preset--spacing--small)\">\n<figure class=\"wp-block-image aligncenter size-full is-resized bk-duotone-primary\"><img loading=\"lazy\" decoding=\"async\" width=\"512\" height=\"512\" src=\"https:\/\/oposicionesinformaticaysai.com\/wp-content\/uploads\/2024\/06\/icono-informatica-con-color.png\" alt=\"\" class=\"wp-image-108\" style=\"width:150px\" srcset=\"https:\/\/oposicionesinformaticaysai.com\/wp-content\/uploads\/2024\/06\/icono-informatica-con-color.png 512w, https:\/\/oposicionesinformaticaysai.com\/wp-content\/uploads\/2024\/06\/icono-informatica-con-color-300x300.png 300w, https:\/\/oposicionesinformaticaysai.com\/wp-content\/uploads\/2024\/06\/icono-informatica-con-color-150x150.png 150w\" sizes=\"(max-width: 512px) 100vw, 512px\" \/><\/figure>\n\n\n\n<h3 class=\"wp-block-heading has-text-align-center\" style=\"padding-top:var(--wp--preset--spacing--xx-small);letter-spacing:-0.04em;line-height:1.1\">Cuerpo: Profesores de Educaci\u00f3n Secundar\u00eda<\/h3>\n\n\n\n<h2 class=\"wp-block-heading has-text-align-center\" style=\"padding-top:var(--wp--preset--spacing--xx-small);letter-spacing:-0.04em;line-height:1.1\">Inform\u00e1tica<\/h2>\n\n\n\n<div class=\"wp-block-buttons is-content-justification-center is-layout-flex wp-container-core-buttons-is-layout-1 wp-block-buttons-is-layout-flex\">\n<div class=\"wp-block-button\"><a class=\"wp-block-button__link wp-element-button\" href=\"https:\/\/oposicionesinformaticaysai.com\/index.php\/pes-informatica\/\">M\u00e1s Informaci\u00f3n<\/a><\/div>\n<\/div>\n<\/div>\n\n\n\n<div class=\"wp-block-column is-vertically-aligned-top has-grey-background-color has-border-color has-text-primary-border-color has-silver-blue-background-color has-background is-layout-flow wp-block-column-is-layout-flow\" style=\"border-style:dotted;padding-top:var(--wp--preset--spacing--medium);padding-right:var(--wp--preset--spacing--small);padding-bottom:var(--wp--preset--spacing--medium);padding-left:var(--wp--preset--spacing--small)\">\n<figure class=\"wp-block-image aligncenter size-full is-resized bk-duotone-primary\"><img loading=\"lazy\" decoding=\"async\" width=\"512\" height=\"512\" src=\"https:\/\/oposicionesinformaticaysai.com\/wp-content\/uploads\/2024\/06\/SAI.png\" alt=\"\" class=\"wp-image-109\" style=\"width:150px\" srcset=\"https:\/\/oposicionesinformaticaysai.com\/wp-content\/uploads\/2024\/06\/SAI.png 512w, https:\/\/oposicionesinformaticaysai.com\/wp-content\/uploads\/2024\/06\/SAI-300x300.png 300w, https:\/\/oposicionesinformaticaysai.com\/wp-content\/uploads\/2024\/06\/SAI-150x150.png 150w\" sizes=\"(max-width: 512px) 100vw, 512px\" \/><\/figure>\n\n\n\n<h3 class=\"wp-block-heading has-text-align-center\" style=\"padding-top:var(--wp--preset--spacing--xx-small);letter-spacing:-0.04em;line-height:1.1\">Cuerpo: Profesores de Educaci\u00f3n Secundar\u00eda<\/h3>\n\n\n\n<h2 class=\"wp-block-heading has-text-align-center\" style=\"padding-top:var(--wp--preset--spacing--xx-small);letter-spacing:-0.04em;line-height:1.1\">Sistemas y Aplicaciones Inform\u00e1ticas<\/h2>\n\n\n\n<div class=\"wp-block-buttons is-content-justification-center is-layout-flex wp-container-core-buttons-is-layout-2 wp-block-buttons-is-layout-flex\">\n<div class=\"wp-block-button\"><a class=\"wp-block-button__link wp-element-button\" href=\"https:\/\/oposicionesinformaticaysai.com\/index.php\/pes-sistemas-y-aplicaciones-informaticas\/\">M\u00e1s Informaci\u00f3n<\/a><\/div>\n<\/div>\n<\/div>\n<\/div>\n","protected":false},"excerpt":{"rendered":"<p>Cuerpo: Profesores de Educaci\u00f3n Secundar\u00eda Inform\u00e1tica Cuerpo: Profesores de Educaci\u00f3n Secundar\u00eda Sistemas y Aplicaciones Inform\u00e1ticas<\/p>\n","protected":false},"author":1,"featured_media":0,"parent":0,"menu_order":0,"comment_status":"closed","ping_status":"closed","template":"","meta":{"om_disable_all_campaigns":false,"_monsterinsights_skip_tracking":false,"_monsterinsights_sitenote_active":false,"_monsterinsights_sitenote_note":"","_monsterinsights_sitenote_category":0,"footnotes":""},"aioseo_notices":[],"_links":{"self":[{"href":"https:\/\/oposicionesinformaticaysai.com\/index.php\/wp-json\/wp\/v2\/pages\/107"}],"collection":[{"href":"https:\/\/oposicionesinformaticaysai.com\/index.php\/wp-json\/wp\/v2\/pages"}],"about":[{"href":"https:\/\/oposicionesinformaticaysai.com\/index.php\/wp-json\/wp\/v2\/types\/page"}],"author":[{"embeddable":true,"href":"https:\/\/oposicionesinformaticaysai.com\/index.php\/wp-json\/wp\/v2\/users\/1"}],"replies":[{"embeddable":true,"href":"https:\/\/oposicionesinformaticaysai.com\/index.php\/wp-json\/wp\/v2\/comments?post=107"}],"version-history":[{"count":25,"href":"https:\/\/oposicionesinformaticaysai.com\/index.php\/wp-json\/wp\/v2\/pages\/107\/revisions"}],"predecessor-version":[{"id":191,"href":"https:\/\/oposicionesinformaticaysai.com\/index.php\/wp-json\/wp\/v2\/pages\/107\/revisions\/191"}],"wp:attachment":[{"href":"https:\/\/oposicionesinformaticaysai.com\/index.php\/wp-json\/wp\/v2\/media?parent=107"}],"curies":[{"name":"wp","href":"https:\/\/api.w.org\/{rel}","templated":true}]}}