{"id":182,"date":"2024-06-07T10:38:11","date_gmt":"2024-06-07T08:38:11","guid":{"rendered":"https:\/\/oposicionesinformaticaysai.com\/?page_id=182"},"modified":"2024-06-07T13:01:49","modified_gmt":"2024-06-07T11:01:49","slug":"pes-sistemas-y-aplicaciones-informaticas","status":"publish","type":"page","link":"https:\/\/oposicionesinformaticaysai.com\/index.php\/pes-sistemas-y-aplicaciones-informaticas\/","title":{"rendered":"PES Sistemas y Aplicaciones Inform\u00e1ticas"},"content":{"rendered":"\n<div class=\"wp-block-media-text has-media-on-the-right is-stacked-on-mobile is-vertically-aligned-center\" style=\"margin-right:0;margin-left:0;padding-top:0;padding-right:var(--wp--preset--spacing--small);padding-bottom:0;padding-left:var(--wp--preset--spacing--small);grid-template-columns:auto 15%\"><div class=\"wp-block-media-text__content\">\n<p>El Docente de la especialidad de <strong>Sistemas y Aplicaciones Inform\u00e1ticas<\/strong> es un funcionario clasificado en el Grupo A1 de la escala administrativa. Este profesional pertenece al Cuerpo de <strong>Profesores de Ense\u00f1anza Secundaria<\/strong>, anteriormente conocido como el cuerpo de Profesores T\u00e9cnicos de Formaci\u00f3n Profesional (FP)<\/p>\n<\/div><figure class=\"wp-block-media-text__media\"><img loading=\"lazy\" decoding=\"async\" width=\"512\" height=\"512\" src=\"https:\/\/oposicionesinformaticaysai.com\/wp-content\/uploads\/2024\/06\/SAI-1.png\" alt=\"\" class=\"wp-image-183 size-full\" srcset=\"https:\/\/oposicionesinformaticaysai.com\/wp-content\/uploads\/2024\/06\/SAI-1.png 512w, https:\/\/oposicionesinformaticaysai.com\/wp-content\/uploads\/2024\/06\/SAI-1-300x300.png 300w, https:\/\/oposicionesinformaticaysai.com\/wp-content\/uploads\/2024\/06\/SAI-1-150x150.png 150w\" sizes=\"(max-width: 512px) 100vw, 512px\" \/><\/figure><\/div>\n\n\n\n<h1 class=\"wp-block-heading has-blue-color has-text-color has-link-color wp-elements-6662121da58d93cb126aa51cb6e5d8df\">Proceso selectivo<\/h1>\n\n\n\n<p>El sistema de acceso a cuerpos docentes de ense\u00f1anzas no universitarias est\u00e1 regulado por el Real Decreto 276\/2007. Este sistema consiste en un <strong>concurso-oposici\u00f3n<\/strong>, con un proceso de evaluaci\u00f3n compuesto por varias partes:<\/p>\n\n\n\n<p><\/p>\n\n\n\n<div class=\"wp-block-columns is-layout-flex wp-container-core-columns-is-layout-5 wp-block-columns-is-layout-flex\" style=\"padding-right:var(--wp--preset--spacing--small);padding-left:var(--wp--preset--spacing--small)\">\n<div class=\"wp-block-column is-layout-flow wp-block-column-is-layout-flow\" style=\"padding-top:var(--wp--preset--spacing--small);padding-right:var(--wp--preset--spacing--small);padding-bottom:var(--wp--preset--spacing--small);padding-left:0;flex-basis:33.33%\">\n<h2 class=\"wp-block-heading has-text-primary-color has-text-color has-link-color wp-elements-c26b1c843f083784c111f9fd000cc20d\">1. Fase <strong>Oposici\u00f3n<\/strong><\/h2>\n\n\n\n<p>Se tiene en cuenta la posesi\u00f3n de conocimientos espec\u00edficos de la materia de la que se examinan los candidatos y candidatas, as\u00ed como el dominio de las t\u00e9cnicas necesarias para el ejercicio docente. Consta de 2 pruebas eliminatorias. Supone 2\/3 de la calificaci\u00f3n general del proceso selectivo.<\/p>\n<\/div>\n\n\n\n<div class=\"wp-block-column has-border-color has-blue-border-color is-layout-flow wp-container-core-column-is-layout-10 wp-block-column-is-layout-flow\" style=\"border-style:dotted;border-width:2px;padding-top:var(--wp--preset--spacing--small);padding-right:var(--wp--preset--spacing--small);padding-bottom:var(--wp--preset--spacing--small);padding-left:var(--wp--preset--spacing--small);flex-basis:66.66%\">\n<h2 class=\"wp-block-heading\"><strong>Primera prueba<\/strong>:<\/h2>\n\n\n\n<p>La primera prueba tendr\u00e1 por objeto la demostraci\u00f3n de los conocimientos espec\u00edficos de la especialidad y constar\u00e1 de dos partes. Las dos partes de esta primera prueba tendr\u00e1n una duraci\u00f3n m\u00e1xima de cuatro horas y treinta minutos y se realizar\u00e1n sin interrupci\u00f3n.<\/p>\n\n\n\n<div class=\"wp-block-columns is-layout-flex wp-container-core-columns-is-layout-1 wp-block-columns-is-layout-flex\">\n<div class=\"wp-block-column is-layout-flow wp-block-column-is-layout-flow\" style=\"flex-basis:15.26%\">\n<figure class=\"wp-block-image size-full is-resized\"><img loading=\"lazy\" decoding=\"async\" width=\"512\" height=\"512\" src=\"https:\/\/oposicionesinformaticaysai.com\/wp-content\/uploads\/2024\/06\/exam-1.png\" alt=\"\" class=\"wp-image-152\" style=\"width:70px;height:auto\" srcset=\"https:\/\/oposicionesinformaticaysai.com\/wp-content\/uploads\/2024\/06\/exam-1.png 512w, https:\/\/oposicionesinformaticaysai.com\/wp-content\/uploads\/2024\/06\/exam-1-300x300.png 300w, https:\/\/oposicionesinformaticaysai.com\/wp-content\/uploads\/2024\/06\/exam-1-150x150.png 150w\" sizes=\"(max-width: 512px) 100vw, 512px\" \/><\/figure>\n<\/div>\n\n\n\n<div class=\"wp-block-column is-vertically-aligned-top is-layout-flow wp-container-core-column-is-layout-3 wp-block-column-is-layout-flow\" style=\"border-style:none;border-width:0px;padding-right:0;flex-basis:84.74%\">\n<p class=\"has-text-align-left\" style=\"margin-right:0;margin-left:0\"><strong>Parte A<\/strong>: <strong>Parte pr\u00e1ctica<\/strong>. Consistir\u00e1 en la resoluci\u00f3n por escrito y\/o usando el ordenador de varios ejercicios que permita comprobar que el personal aspirante posee la formaci\u00f3n cient\u00edfica y el dominio de las habilidades t\u00e9cnicas en Inform\u00e1tica. Los contenidos propuestos en Andaluc\u00eda en la \u00faltima convocatoria de 2023 para esta especialidad estaban incluidos dentro de los siguientes campos de conocimiento:<\/p>\n\n\n\n<ul>\n<li>Configuraci\u00f3n, administraci\u00f3n y explotaci\u00f3n de Sistemas Operativos monopuestos y en red.<\/li>\n\n\n\n<li>Dise\u00f1o de scripts, mediante el uso de lenguajes de \u00f3rdenes, en Sistemas Operativos o distribuciones GNU\/Linux como Debian, Ubuntu o similar.<\/li>\n\n\n\n<li>Programaci\u00f3n de aplicaciones en un lenguaje de programaci\u00f3n estructurada (lenguaje C) u orientado a objetos (lenguaje C++).<\/li>\n\n\n\n<li>Dise\u00f1o, configuraci\u00f3n, administraci\u00f3n y explotaci\u00f3n de bases de datos: MySQL\/MariaDB.<\/li>\n\n\n\n<li>Dise\u00f1o, configuraci\u00f3n, administraci\u00f3n y explotaci\u00f3n de redes TCP\/IP.<\/li>\n\n\n\n<li>Hardware inform\u00e1tico y\/o de redes de datos.<\/li>\n\n\n\n<li>Resoluci\u00f3n de preguntas tipo test o de respuesta corta sobre cuestiones pr\u00e1cticas de los supuestos anteriores<\/li>\n<\/ul>\n<\/div>\n<\/div>\n\n\n\n<div class=\"wp-block-columns is-layout-flex wp-container-core-columns-is-layout-2 wp-block-columns-is-layout-flex\">\n<div class=\"wp-block-column is-layout-flow wp-block-column-is-layout-flow\" style=\"flex-basis:15.26%\">\n<figure class=\"wp-block-image size-full is-resized\"><img loading=\"lazy\" decoding=\"async\" width=\"512\" height=\"512\" src=\"https:\/\/oposicionesinformaticaysai.com\/wp-content\/uploads\/2024\/06\/icono-evaluacion-1.png\" alt=\"\" class=\"wp-image-159\" style=\"width:70px;height:auto\" srcset=\"https:\/\/oposicionesinformaticaysai.com\/wp-content\/uploads\/2024\/06\/icono-evaluacion-1.png 512w, https:\/\/oposicionesinformaticaysai.com\/wp-content\/uploads\/2024\/06\/icono-evaluacion-1-300x300.png 300w, https:\/\/oposicionesinformaticaysai.com\/wp-content\/uploads\/2024\/06\/icono-evaluacion-1-150x150.png 150w\" sizes=\"(max-width: 512px) 100vw, 512px\" \/><\/figure>\n<\/div>\n\n\n\n<div class=\"wp-block-column is-vertically-aligned-top is-layout-flow wp-container-core-column-is-layout-5 wp-block-column-is-layout-flow\" style=\"border-style:none;border-width:0px;padding-right:0;flex-basis:84.74%\">\n<p class=\"has-text-align-left\" style=\"margin-right:0;margin-left:0\"><strong>Parte B: Desarrollo de un tema.<\/strong><\/p>\n\n\n\n<p>Esta parte consistir\u00e1 en el desarrollo por escrito de un tema elegido por el aspirante de entre los 4 extra\u00eddos al azar por el tribunal. El temario de esta especialidad consta de 65 temas.<\/p>\n\n\n\n<div class=\"wp-block-buttons is-content-justification-center is-layout-flex wp-container-core-buttons-is-layout-1 wp-block-buttons-is-layout-flex\">\n<div class=\"wp-block-button\"><a class=\"wp-block-button__link has-text-align-center wp-element-button\" href=\"https:\/\/oposicionesinformaticaysai.com\/index.php\/temario-pes-sistemas-y-aplicaciones-informaticas\/\">Ver temario SAI<\/a><\/div>\n<\/div>\n\n\n\n<p><\/p>\n<\/div>\n<\/div>\n\n\n\n<h2 class=\"wp-block-heading\"><strong>Segunda prueba<\/strong>:<\/h2>\n\n\n\n<p>La segunda prueba, que tendr\u00e1 por objeto la comprobaci\u00f3n de la aptitud pedag\u00f3gica y el dominio de las t\u00e9cnicas necesarias para el ejercicio de la docencia de las personas aspirantes, constar\u00e1 de dos partes: presentaci\u00f3n y defensa de una programaci\u00f3n did\u00e1ctica y preparaci\u00f3n y exposici\u00f3n oral de una unidad did\u00e1ctica.<\/p>\n\n\n\n<div class=\"wp-block-columns is-layout-flex wp-container-core-columns-is-layout-3 wp-block-columns-is-layout-flex\">\n<div class=\"wp-block-column is-layout-flow wp-block-column-is-layout-flow\" style=\"flex-basis:15.26%\">\n<figure class=\"wp-block-image size-full is-resized\"><img loading=\"lazy\" decoding=\"async\" width=\"512\" height=\"512\" src=\"https:\/\/oposicionesinformaticaysai.com\/wp-content\/uploads\/2024\/06\/exposicion.png\" alt=\"\" class=\"wp-image-160\" style=\"width:70px;height:auto\" srcset=\"https:\/\/oposicionesinformaticaysai.com\/wp-content\/uploads\/2024\/06\/exposicion.png 512w, https:\/\/oposicionesinformaticaysai.com\/wp-content\/uploads\/2024\/06\/exposicion-300x300.png 300w, https:\/\/oposicionesinformaticaysai.com\/wp-content\/uploads\/2024\/06\/exposicion-150x150.png 150w\" sizes=\"(max-width: 512px) 100vw, 512px\" \/><\/figure>\n<\/div>\n\n\n\n<div class=\"wp-block-column is-vertically-aligned-top is-layout-flow wp-container-core-column-is-layout-7 wp-block-column-is-layout-flow\" style=\"border-style:none;border-width:0px;padding-right:0;flex-basis:84.74%\">\n<p class=\"has-text-align-left\" style=\"margin-right:0;margin-left:0\"><strong>Parte A<\/strong>. Presentaci\u00f3n y defensa de la programaci\u00f3n did\u00e1ctica.<\/p>\n<\/div>\n<\/div>\n\n\n\n<div class=\"wp-block-columns is-layout-flex wp-container-core-columns-is-layout-4 wp-block-columns-is-layout-flex\">\n<div class=\"wp-block-column is-layout-flow wp-block-column-is-layout-flow\" style=\"flex-basis:15.26%\"><\/div>\n\n\n\n<div class=\"wp-block-column is-vertically-aligned-top is-layout-flow wp-container-core-column-is-layout-9 wp-block-column-is-layout-flow\" style=\"border-style:none;border-width:0px;padding-right:0;flex-basis:84.74%\">\n<p><strong>Parte B<\/strong>. Preparaci\u00f3n y exposici\u00f3n oral de una unidad did\u00e1ctica .<\/p>\n\n\n\n<p><\/p>\n<\/div>\n<\/div>\n\n\n\n<div style=\"height:100px\" aria-hidden=\"true\" class=\"wp-block-spacer\"><\/div>\n\n\n\n<p><\/p>\n\n\n\n<p class=\"has-text-align-center\"><strong><em>Para superar la PRIMERA PRUEBA y poder realizar la SEGUNDA PRUEBA hay que obtener una calificaci\u00f3n<\/em> <em>m\u00ednima de 5 puntos en dicha primera prueba.<\/em><\/strong> <\/p>\n\n\n\n<p class=\"has-text-align-center\"><strong><em>La nota final de la fase oposici\u00f3n es la media aritm\u00e9tica simple entre las 2 pruebas.<\/em><\/strong><\/p>\n<\/div>\n<\/div>\n\n\n\n<div class=\"wp-block-columns is-layout-flex wp-container-core-columns-is-layout-6 wp-block-columns-is-layout-flex\" style=\"padding-right:var(--wp--preset--spacing--small);padding-left:var(--wp--preset--spacing--small)\">\n<div class=\"wp-block-column is-layout-flow wp-block-column-is-layout-flow\" style=\"padding-top:var(--wp--preset--spacing--small);padding-right:var(--wp--preset--spacing--small);padding-bottom:var(--wp--preset--spacing--small);padding-left:0;flex-basis:33.33%\">\n<h2 class=\"wp-block-heading has-text-primary-color has-text-color has-link-color wp-elements-79b0edb21caf6129fe745f080ac05811\">2. Fase <strong>Concurso<\/strong><\/h2>\n\n\n\n<p>Unas comisiones de baremaci\u00f3n valoran los m\u00e9ritos profesionales de cada una de las personas que toman parte en el proceso de selecci\u00f3n. Supone 1\/3 de la calificaci\u00f3n general del proceso selectivo.<\/p>\n<\/div>\n\n\n\n<div class=\"wp-block-column has-border-color has-blue-border-color is-layout-flow wp-block-column-is-layout-flow\" style=\"border-style:dotted;border-width:2px;padding-top:var(--wp--preset--spacing--small);padding-right:var(--wp--preset--spacing--small);padding-bottom:var(--wp--preset--spacing--small);padding-left:var(--wp--preset--spacing--small);flex-basis:66.66%\">\n<p>En el concurso se podr\u00e1 alcanzar un m\u00e1ximo de 10 puntos.<\/p>\n\n\n\n<p>Se alegan los m\u00e9ritos que se clasifican en:<\/p>\n\n\n\n<ul>\n<li><strong>Experiencia Docente<\/strong>. A\u00f1os de experiencia en centros p\u00fablicos o privados. M\u00e1ximo 5 puntos.<\/li>\n\n\n\n<li><strong>Formaci\u00f3n Acad\u00e9mica<\/strong>:&nbsp; Expediente acad\u00e9mico, titulaciones de posgrado, doctorados, otras titulaciones universitarias o de formaci\u00f3n profesional, certificado idiomas extranjeros. M\u00e1ximo 5 puntos.<\/li>\n\n\n\n<li><strong>Otros m\u00e9ritos<\/strong>: de libre configuraci\u00f3n para la administraci\u00f3n convocante. M\u00e1ximo 2 puntos.<\/li>\n<\/ul>\n<\/div>\n<\/div>\n\n\n\n<div style=\"height:42px\" aria-hidden=\"true\" class=\"wp-block-spacer\"><\/div>\n\n\n\n<div class=\"wp-block-columns is-layout-flex wp-container-core-columns-is-layout-7 wp-block-columns-is-layout-flex\">\n<div class=\"wp-block-column is-layout-flow wp-block-column-is-layout-flow\">\n<h3 class=\"wp-block-heading has-text-align-center has-silver-blue-background-color has-background\">NOTA FINAL Y GLOBAL = NOTA OPOSICI\u00d3N*(2\/3)+ NOTA CONCURSO *(1\/3)<\/h3>\n<\/div>\n<\/div>\n\n\n\n<div style=\"height:42px\" aria-hidden=\"true\" class=\"wp-block-spacer\"><\/div>\n\n\n\n<hr class=\"wp-block-separator has-alpha-channel-opacity\"\/>\n\n\n\n<div style=\"height:42px\" aria-hidden=\"true\" class=\"wp-block-spacer\"><\/div>\n\n\n\n<h1 class=\"wp-block-heading has-blue-color has-text-color has-link-color wp-elements-726815e8eae3dbd60e1d13bfeaad768f\">Atribuci\u00f3n Docente<\/h1>\n\n\n\n<p>Como docente de esta especialidad podr\u00e1s impartir clase en las siguientes ense\u00f1anzas:<\/p>\n\n\n\n<ul>\n<li>Ciclo Formativo de Grado B\u00e1sico de Inform\u00e1tica y Comunicaciones.<\/li>\n\n\n\n<li>Ciclo Formativo de Grado B\u00e1sico de Inform\u00e1tica de Oficina.<\/li>\n\n\n\n<li>Ciclo Formativo de Grado Medio en Sistemas Microinform\u00e1ticos y Redes<\/li>\n\n\n\n<li>Ciclo Formativo de Grado Superior en Desarrollo Aplicaciones Web<\/li>\n\n\n\n<li>Ciclo Formativo de Grado Superior en Desarrollo Aplicaciones Multiplataforma<\/li>\n\n\n\n<li>Ciclo Formativo de Grado Superior en Administraci\u00f3n de Sistemas Inform\u00e1ticos en Red<\/li>\n\n\n\n<li>Cursos de especializaci\u00f3n relacionados con esta familia profesional.<\/li>\n<\/ul>\n\n\n\n<div style=\"height:42px\" aria-hidden=\"true\" class=\"wp-block-spacer\"><\/div>\n\n\n\n<hr class=\"wp-block-separator has-alpha-channel-opacity\"\/>\n\n\n\n<div class=\"wp-block-group pattern-services is-layout-constrained wp-block-group-is-layout-constrained\" style=\"padding-top:var(--wp--preset--spacing--small);padding-bottom:0\">\n<h2 class=\"wp-block-heading has-text-align-center has-links-color has-text-color has-link-color wp-elements-254b53ea72aec9763c38f139968d0a8f\" style=\"padding-bottom:var(--wp--preset--spacing--small)\">Estad\u00edstica de convocatorias anteriores en Andaluc\u00eda<\/h2>\n<\/div>\n\n\n\n<div class=\"wp-block-group alignfull section-stats-counter has-gray-background-color has-background is-layout-constrained wp-block-group-is-layout-constrained\">\n<div class=\"wp-block-columns is-layout-flex wp-container-core-columns-is-layout-8 wp-block-columns-is-layout-flex\">\n<div class=\"wp-block-column is-layout-flow wp-block-column-is-layout-flow\" style=\"padding-top:var(--wp--preset--spacing--small)\">\n<h2 class=\"wp-block-heading has-text-align-center has-blue-color has-text-color has-link-color has-medium-font-size wp-elements-ed826e998bb58097d3714f98b2cb5762\">Especialidad: Sistemas y Aplicaciones Inform\u00e1ticas<\/h2>\n<\/div>\n<\/div>\n\n\n\n<div class=\"wp-block-columns is-not-stacked-on-mobile is-layout-flex wp-container-core-columns-is-layout-9 wp-block-columns-is-layout-flex\" style=\"padding-top:0;padding-bottom:var(--wp--preset--spacing--small)\">\n<div class=\"wp-block-column is-layout-flow wp-block-column-is-layout-flow\" style=\"padding-top:0;padding-bottom:0;flex-basis:30%\">\n<h3 class=\"wp-block-heading has-text-align-center has-medium-font-size\">Convocatoria:<\/h3>\n\n\n\n<h3 class=\"wp-block-heading has-text-align-center has-medium-font-size\">Plazas:<\/h3>\n\n\n\n<h3 class=\"wp-block-heading has-text-align-center has-medium-font-size\">Ratio*:<\/h3>\n<\/div>\n\n\n\n<div class=\"wp-block-column increase is-layout-flow wp-block-column-is-layout-flow\" style=\"padding-top:0;padding-bottom:0\">\n<h1 class=\"wp-block-heading has-text-align-center has-medium-font-size\"><strong>2018<\/strong><\/h1>\n\n\n\n<h2 class=\"wp-block-heading has-text-align-center has-blue-color has-text-color has-link-color has-medium-font-size wp-elements-6d2bc914509cf714593cedd43d55ce73\"><strong>60<\/strong><\/h2>\n\n\n\n<h3 class=\"wp-block-heading has-text-align-center has-medium-font-size\">5,1<\/h3>\n<\/div>\n\n\n\n<div class=\"wp-block-column increase is-layout-flow wp-block-column-is-layout-flow\" style=\"padding-top:0;padding-bottom:0\">\n<h1 class=\"wp-block-heading has-text-align-center has-medium-font-size\"><strong>2021<\/strong><\/h1>\n\n\n\n<h2 class=\"wp-block-heading has-text-align-center has-blue-color has-text-color has-link-color has-medium-font-size wp-elements-5a92ff38d1b9919b47ba5d85ec66bdb2\"><strong>218<\/strong><\/h2>\n\n\n\n<h3 class=\"wp-block-heading has-text-align-center has-medium-font-size\">2,6<\/h3>\n<\/div>\n\n\n\n<div class=\"wp-block-column increase is-layout-flow wp-block-column-is-layout-flow\" style=\"padding-top:0;padding-bottom:0\">\n<h1 class=\"wp-block-heading has-text-align-center has-medium-font-size\"><strong>2023<\/strong><\/h1>\n\n\n\n<h2 class=\"wp-block-heading has-text-align-center has-blue-color has-text-color has-link-color has-medium-font-size wp-elements-478280a79544ef8e28086275deb2bf61\"><strong>48<\/strong><\/h2>\n\n\n\n<h3 class=\"wp-block-heading has-text-align-center has-medium-font-size\">5,5<\/h3>\n<\/div>\n<\/div>\n<\/div>\n\n\n\n<p>* Las ratios de opositores por plaza en ambas especialidades en las \u00faltimas convocatorias han sido muy buenas, especialmente si se comparan con otras oposiciones y especialidades. Estas son las ratios oficiales de opositores que solicitaron participar en los procesos selectivos de cada convocatoria. No obstante, <strong>la ratio real<\/strong>, es decir los que realmente se presentan a las pruebas <strong>suele ser a\u00fan m\u00e1s baja<\/strong>. Ya que en torno al 20%-30% de personas que se inscriben, finalmente no llegan a presentarse por distintos motivos: falta de preparaci\u00f3n, lo solicitaron s\u00f3lo por probar suerte, coincidencia de fechas, cambios de opini\u00f3n, \u2026<\/p>\n\n\n\n<div style=\"height:100px\" aria-hidden=\"true\" class=\"wp-block-spacer\"><\/div>\n","protected":false},"excerpt":{"rendered":"<p>El Docente de la especialidad de Sistemas y Aplicaciones Inform\u00e1ticas es un funcionario clasificado en&hellip;<\/p>\n","protected":false},"author":1,"featured_media":0,"parent":0,"menu_order":0,"comment_status":"closed","ping_status":"closed","template":"","meta":{"om_disable_all_campaigns":false,"_monsterinsights_skip_tracking":false,"_monsterinsights_sitenote_active":false,"_monsterinsights_sitenote_note":"","_monsterinsights_sitenote_category":0,"footnotes":""},"aioseo_notices":[],"_links":{"self":[{"href":"https:\/\/oposicionesinformaticaysai.com\/index.php\/wp-json\/wp\/v2\/pages\/182"}],"collection":[{"href":"https:\/\/oposicionesinformaticaysai.com\/index.php\/wp-json\/wp\/v2\/pages"}],"about":[{"href":"https:\/\/oposicionesinformaticaysai.com\/index.php\/wp-json\/wp\/v2\/types\/page"}],"author":[{"embeddable":true,"href":"https:\/\/oposicionesinformaticaysai.com\/index.php\/wp-json\/wp\/v2\/users\/1"}],"replies":[{"embeddable":true,"href":"https:\/\/oposicionesinformaticaysai.com\/index.php\/wp-json\/wp\/v2\/comments?post=182"}],"version-history":[{"count":3,"href":"https:\/\/oposicionesinformaticaysai.com\/index.php\/wp-json\/wp\/v2\/pages\/182\/revisions"}],"predecessor-version":[{"id":262,"href":"https:\/\/oposicionesinformaticaysai.com\/index.php\/wp-json\/wp\/v2\/pages\/182\/revisions\/262"}],"wp:attachment":[{"href":"https:\/\/oposicionesinformaticaysai.com\/index.php\/wp-json\/wp\/v2\/media?parent=182"}],"curies":[{"name":"wp","href":"https:\/\/api.w.org\/{rel}","templated":true}]}}