{"id":211,"date":"2024-06-07T11:26:19","date_gmt":"2024-06-07T09:26:19","guid":{"rendered":"https:\/\/oposicionesinformaticaysai.com\/?page_id=211"},"modified":"2024-06-07T11:26:19","modified_gmt":"2024-06-07T09:26:19","slug":"aviso-legal","status":"publish","type":"page","link":"https:\/\/oposicionesinformaticaysai.com\/index.php\/aviso-legal\/","title":{"rendered":"Aviso Legal"},"content":{"rendered":"\n<p><strong>1. Pol\u00edtica de privacidad<\/strong><\/p>\n\n\n\n<p>Javier Preparador Inform\u00e1tica y SAI, con tel\u00e9fono: +34 644 65 92 99 y Email: informaticaysai@gmail.com, informa a los usuarios del sitio web https:\/\/www.oposicionesinformaticaysai.com sobre su pol\u00edtica respecto del tratamiento y protecci\u00f3n de los datos de car\u00e1cter personal de los usuarios que puedan ser recabados por la navegaci\u00f3n a trav\u00e9s de su sitio web.<\/p>\n\n\n\n<p>En este sentido, Javier Preparador Inform\u00e1tica y SAI garantiza el cumplimiento de la normativa vigente en materia de protecci\u00f3n de datos personales, reflejada en la Ley Org\u00e1nica 15\/1999 de 13 de diciembre, de Protecci\u00f3n de Datos de Car\u00e1cter Personal y en el Real Decreto 1720\/2007, de 21 diciembre, por el que se aprueba el Reglamento de Desarrollo de la LOPD.<\/p>\n\n\n\n<p>El uso de esta web implica la aceptaci\u00f3n de esta pol\u00edtica de privacidad.<\/p>\n\n\n\n<p><strong>2. Recogida, finalidad y tratamientos de datos<\/strong><\/p>\n\n\n\n<p>Javier Preparador Inform\u00e1tica y SAI tiene el deber de informar a los usuarios de su sitio web acerca de la recogida de datos de car\u00e1cter personal que pueden llevarse a cabo, bien sea mediante el env\u00edo de correo electr\u00f3nico o al cumplimentar los formularios incluidos en el sitio web. En este sentido, Javier Preparador Inform\u00e1tica y SAI ser\u00e1 considerada como responsable de los datos recabados mediante los medios anteriormente descritos.<\/p>\n\n\n\n<p>Se informa a los usuarios de que la finalidad del tratamiento de los datos recabados contempla: la atenci\u00f3n de solicitudes realizadas por los usuarios y la posibilidad de la inclusi\u00f3n en la agenda de contactos.<\/p>\n\n\n\n<p>Las operaciones, gestiones y procedimientos t\u00e9cnicos que se realicen de forma automatizada o no automatizada y que posibiliten la recogida, el almacenamiento, la modificaci\u00f3n, la transferencia y otras acciones sobre datos de car\u00e1cter personal, tienen la consideraci\u00f3n de tratamiento de datos personales.<\/p>\n\n\n\n<p>Todos los datos personales, que sean recogidos a trav\u00e9s del sitio web, y por tanto tenga la consideraci\u00f3n de tratamiento de datos de car\u00e1cter personal, ser\u00e1n incorporados en los ficheros declarados ante la Agencia Espa\u00f1ola de Protecci\u00f3n de Datos.<\/p>\n\n\n\n<p><strong>3. Comunicaci\u00f3n de informaci\u00f3n a terceros<\/strong><\/p>\n\n\n\n<p>Javier Preparador Inform\u00e1tica y SAI informa a los usuarios de que sus datos personales no ser\u00e1n cedidos a terceras organizaciones, con la salvedad de que dicha cesi\u00f3n de datos este amparada en una obligaci\u00f3n legal.<\/p>\n\n\n\n<p><strong>4. Derechos de los usuarios<\/strong><\/p>\n\n\n\n<p>La Ley Org\u00e1nica 15\/1999, de 13 de diciembre, de Protecci\u00f3n de Datos de Car\u00e1cter Personal concede a los interesados la posibilidad de ejercer una serie de derechos relacionados con el tratamiento de sus datos personales.<\/p>\n\n\n\n<p>En tanto en cuanto los datos del usuario son objeto de tratamiento por parte de Javier Preparador Inform\u00e1tica y SAI. Los usuarios podr\u00e1n ejercer los derechos de acceso, rectificaci\u00f3n, cancelaci\u00f3n y oposici\u00f3n de acuerdo con lo previsto en la normativa legal vigente en materia de protecci\u00f3n de datos personales.<\/p>\n\n\n\n<p>Para hacer uso del ejercicio de estos derechos, el usuario deber\u00e1 dirigirse mediante comunicaci\u00f3n escrita, aportando documentaci\u00f3n que acredite su identidad (DNI o pasaporte), a la direcci\u00f3n que sea sustituida en el Registro General de Protecci\u00f3n de Datos. Dicha comunicaci\u00f3n deber\u00e1 reflejar la siguiente informaci\u00f3n: Nombre y apellidos del usuario, la petici\u00f3n de solicitud, el domicilio y los datos acreditativos.<\/p>\n\n\n\n<p>El ejercicio de derechos deber\u00e1 ser realizado por el propio usuario. No obstante, podr\u00e1n ser ejecutados por una persona autorizada como representante legal del autorizado. En tal caso, se deber\u00e1 aportar la documentaci\u00f3n que acredite esta representaci\u00f3n del interesado.<\/p>\n\n\n\n<p><strong>5. Propiedad intelectual e industrial<\/strong><\/p>\n\n\n\n<p>El sitio web, incluyendo a t\u00edtulo enunciativo pero no limitativo su programaci\u00f3n, edici\u00f3n, compilaci\u00f3n y dem\u00e1s elementos necesarios para su funcionamiento, los dise\u00f1os, logotipos, texto y\/o gr\u00e1ficos son propiedad del prestador o en su caso dispone de licencia o autorizaci\u00f3n expresa por parte de los autores. Todos los contenidos del sitio web se encuentran debidamente protegidos por la normativa de propiedad intelectual e industrial, as\u00ed como inscritos en los registros p\u00fablicos correspondientes.<\/p>\n\n\n\n<p>Independientemente de la finalidad para la que fueran destinados, la reproducci\u00f3n total o parcial, uso, explotaci\u00f3n, distribuci\u00f3n y comercializaci\u00f3n, requiere en todo caso de la autorizaci\u00f3n escrita previa por parte del prestador. Cualquier uso no autorizado previamente por parte del prestador ser\u00e1 considerado un incumplimiento grave de los derechos de propiedad intelectual o industrial del autor.<\/p>\n\n\n\n<p>Los dise\u00f1os, logotipos, texto y\/o gr\u00e1ficos ajenos al prestador y que pudieran aparecer en el sitio web, pertenecen a sus respectivos propietarios, siendo ellos mismos responsables de cualquier posible controversia que pudiera suscitarse respecto a los mismos. En todo caso, el prestador cuenta con la autorizaci\u00f3n expresa y previa por parte de los mismos.<\/p>\n\n\n\n<p>El prestador reconoce a favor de sus titulares los correspondientes derechos de propiedad industrial e intelectual, no implicando su sola menci\u00f3n o aparici\u00f3n en el sitio web la existencia de derechos o responsabilidad alguna del prestador sobre los mismos, como tampoco respaldo, patrocinio o recomendaci\u00f3n por parte del mismo.<\/p>\n\n\n\n<p>Para realizar cualquier tipo de observaci\u00f3n respecto a posibles incumplimientos de los derechos de propiedad intelectual o industrial, as\u00ed como sobre cualquiera de los contenidos del sitio web, puede hacerlo a trav\u00e9s del siguiente correo electr\u00f3nico: informaticaysai@gmail.com<\/p>\n","protected":false},"excerpt":{"rendered":"<p>1. Pol\u00edtica de privacidad Javier Preparador Inform\u00e1tica y SAI, con tel\u00e9fono: +34 644 65 92&hellip;<\/p>\n","protected":false},"author":1,"featured_media":0,"parent":0,"menu_order":0,"comment_status":"closed","ping_status":"closed","template":"","meta":{"om_disable_all_campaigns":false,"_monsterinsights_skip_tracking":false,"_monsterinsights_sitenote_active":false,"_monsterinsights_sitenote_note":"","_monsterinsights_sitenote_category":0,"footnotes":""},"aioseo_notices":[],"_links":{"self":[{"href":"https:\/\/oposicionesinformaticaysai.com\/index.php\/wp-json\/wp\/v2\/pages\/211"}],"collection":[{"href":"https:\/\/oposicionesinformaticaysai.com\/index.php\/wp-json\/wp\/v2\/pages"}],"about":[{"href":"https:\/\/oposicionesinformaticaysai.com\/index.php\/wp-json\/wp\/v2\/types\/page"}],"author":[{"embeddable":true,"href":"https:\/\/oposicionesinformaticaysai.com\/index.php\/wp-json\/wp\/v2\/users\/1"}],"replies":[{"embeddable":true,"href":"https:\/\/oposicionesinformaticaysai.com\/index.php\/wp-json\/wp\/v2\/comments?post=211"}],"version-history":[{"count":1,"href":"https:\/\/oposicionesinformaticaysai.com\/index.php\/wp-json\/wp\/v2\/pages\/211\/revisions"}],"predecessor-version":[{"id":212,"href":"https:\/\/oposicionesinformaticaysai.com\/index.php\/wp-json\/wp\/v2\/pages\/211\/revisions\/212"}],"wp:attachment":[{"href":"https:\/\/oposicionesinformaticaysai.com\/index.php\/wp-json\/wp\/v2\/media?parent=211"}],"curies":[{"name":"wp","href":"https:\/\/api.w.org\/{rel}","templated":true}]}}