{"id":6,"date":"2024-06-05T19:02:38","date_gmt":"2024-06-05T17:02:38","guid":{"rendered":"https:\/\/oposicionesinformaticaysai.com\/?page_id=6"},"modified":"2026-04-21T17:21:39","modified_gmt":"2026-04-21T15:21:39","slug":"inicio","status":"publish","type":"page","link":"https:\/\/oposicionesinformaticaysai.com\/","title":{"rendered":"Inicio"},"content":{"rendered":"\n<div class=\"wp-block-group alignfull section-stats-counter has-background is-layout-constrained wp-container-core-group-is-layout-1 wp-block-group-is-layout-constrained\" style=\"border-style:none;border-width:0px;border-radius:0px;background-color:#073674;margin-top:0;margin-bottom:0\">\n<div class=\"wp-block-columns are-vertically-aligned-center is-layout-flex wp-container-core-columns-is-layout-1 wp-block-columns-is-layout-flex\" style=\"margin-top:0;margin-bottom:0;padding-top:8px;padding-right:0;padding-bottom:8px;padding-left:0\">\n<div class=\"wp-block-column is-vertically-aligned-center is-layout-flow wp-container-core-column-is-layout-1 wp-block-column-is-layout-flow\" style=\"border-style:none;border-width:0px;padding-top:0px;padding-bottom:0;padding-left:10px\">\n<p class=\"has-text-align-center has-white-color has-text-color has-link-color has-normal-font-size wp-elements-d7f4b0b066c3f15f943a90f76b679db1\">Andaluc\u00eda ha convocado para junio de 2026 las especialidades de Inform\u00e1tica y Sistemas y Aplicaciones Inform\u00e1ticas<\/p>\n<\/div>\n<\/div>\n<\/div>\n\n\n\n<div class=\"wp-block-cover alignfull is-light hero-pattern\" style=\"margin-top:0;margin-bottom:0;padding-top:0;padding-bottom:0;min-height:34rem;aspect-ratio:unset;\"><span aria-hidden=\"true\" class=\"wp-block-cover__background has-background-dim-20 has-background-dim\" style=\"background-color:#f5f7fa\"><\/span><img loading=\"lazy\" decoding=\"async\" width=\"1700\" height=\"600\" class=\"wp-block-cover__image-background wp-image-29\" alt=\"Preparador de oposiciones docentes de Inform\u00e1tica\" src=\"https:\/\/oposicionesinformaticaysai.com\/wp-content\/uploads\/2024\/06\/fondoportada5-1.png\" style=\"object-position:50% 22%\" data-object-fit=\"cover\" data-object-position=\"50% 22%\" srcset=\"https:\/\/oposicionesinformaticaysai.com\/wp-content\/uploads\/2024\/06\/fondoportada5-1.png 1700w, https:\/\/oposicionesinformaticaysai.com\/wp-content\/uploads\/2024\/06\/fondoportada5-1-300x106.png 300w, https:\/\/oposicionesinformaticaysai.com\/wp-content\/uploads\/2024\/06\/fondoportada5-1-1024x361.png 1024w, https:\/\/oposicionesinformaticaysai.com\/wp-content\/uploads\/2024\/06\/fondoportada5-1-768x271.png 768w, https:\/\/oposicionesinformaticaysai.com\/wp-content\/uploads\/2024\/06\/fondoportada5-1-1536x542.png 1536w\" sizes=\"(max-width: 1700px) 100vw, 1700px\" \/><div class=\"wp-block-cover__inner-container is-layout-flow wp-container-core-cover-is-layout-1 wp-block-cover-is-layout-flow\">\n<div class=\"wp-block-group is-layout-constrained wp-block-group-is-layout-constrained\">\n<div class=\"wp-block-columns alignwide p-animation-text-moveUp is-layout-flex wp-container-core-columns-is-layout-2 wp-block-columns-is-layout-flex\">\n<div class=\"wp-block-column is-vertically-aligned-center is-layout-flow wp-block-column-is-layout-flow\">\n<h2 class=\"wp-block-heading has-text-align-center has-text-color has-large-font-size\" style=\"color:#003185\">Preparador oposiciones docentes de Inform\u00e1tica y Sistemas y Aplicaciones Inform\u00e1ticas<\/h2>\n\n\n\n<div style=\"height:8px\" aria-hidden=\"true\" class=\"wp-block-spacer\"><\/div>\n\n\n\n<h3 class=\"wp-block-heading has-text-align-center has-text-primary-color has-text-color has-normal-font-size\">Me llamo Javier, soy profesor y preparador de las oposiciones a profesores de ense\u00f1anza secundaria de las especialidades de Inform\u00e1tica y Sistemas y Aplicaciones Inform\u00e1ticas (SAI).<br>Me tienes a tu disposici\u00f3n para orientarte y acompa\u00f1arte en este camino.<\/h3>\n\n\n\n<div style=\"height:16px\" aria-hidden=\"true\" class=\"wp-block-spacer\"><\/div>\n\n\n\n<div class=\"wp-block-buttons is-content-justification-center is-layout-flex wp-container-core-buttons-is-layout-1 wp-block-buttons-is-layout-flex\">\n<div class=\"wp-block-button\"><a class=\"wp-block-button__link wp-element-button\" href=\"https:\/\/oposicionesinformaticaysai.com\/index.php\/metodologia\/\">Metodolog\u00eda<\/a><\/div>\n\n\n\n<div class=\"wp-block-button is-style-fill\"><a class=\"wp-block-button__link has-black-color has-text-color has-background wp-element-button\" href=\"https:\/\/oposicionesinformaticaysai.com\/index.php\/about\/\" style=\"border-radius:3px;background-color:#ebeefc\"><span>A<\/span>cerca de m\u00ed<\/a><\/div>\n<\/div>\n<\/div>\n\n\n\n<div class=\"wp-block-column is-vertically-aligned-center is-layout-flow wp-block-column-is-layout-flow\"><\/div>\n<\/div>\n<\/div>\n<\/div><\/div>\n\n\n\n<div class=\"wp-block-group pattern-services is-layout-constrained wp-block-group-is-layout-constrained\" style=\"padding-top:var(--wp--preset--spacing--medium);padding-bottom:var(--wp--preset--spacing--medium)\">\n<h2 class=\"wp-block-heading has-text-align-center has-links-color has-text-color has-link-color wp-elements-3d1c84a176ab4fbaeddc3ae98bf7894a\">\u00a1Consigue una plaza de profesor\/a de Secundaria y Formaci\u00f3n Profesional!<\/h2>\n\n\n\n<p class=\"has-text-align-center\">\u00bfEst\u00e1s listo para dar el siguiente paso en tu carrera profesional? \u00bfQuieres conseguir un trabajo estable desarrollando un bonita profesi\u00f3n? Te ofrezco un<strong> programa integral de preparaci\u00f3n<\/strong> que te proporcionar\u00e1 las herramientas y conocimientos necesarios para superar con \u00e9xito las pruebas y obtener el puesto que deseas. Nuestra preparaci\u00f3n est\u00e1 especializada y enfocada a los procesos selectivo que se realizan en <strong>Andaluc\u00eda<\/strong><\/p>\n\n\n\n<div style=\"height:1rem\" aria-hidden=\"true\" class=\"wp-block-spacer\"><\/div>\n\n\n\n<div class=\"wp-block-columns p-animation-move-sideways is-layout-flex wp-container-core-columns-is-layout-3 wp-block-columns-is-layout-flex\">\n<div class=\"wp-block-column is-layout-flow wp-block-column-is-layout-flow\">\n<figure class=\"wp-block-image size-full\"><img loading=\"lazy\" decoding=\"async\" width=\"2560\" height=\"1707\" src=\"https:\/\/oposicionesinformaticaysai.com\/wp-content\/uploads\/2024\/06\/exposicion-pizarra-scaled.jpg\" alt=\"Preparaci\u00f3n de oposiciones\" class=\"wp-image-39\" srcset=\"https:\/\/oposicionesinformaticaysai.com\/wp-content\/uploads\/2024\/06\/exposicion-pizarra-scaled.jpg 2560w, https:\/\/oposicionesinformaticaysai.com\/wp-content\/uploads\/2024\/06\/exposicion-pizarra-300x200.jpg 300w, https:\/\/oposicionesinformaticaysai.com\/wp-content\/uploads\/2024\/06\/exposicion-pizarra-1024x683.jpg 1024w, https:\/\/oposicionesinformaticaysai.com\/wp-content\/uploads\/2024\/06\/exposicion-pizarra-768x512.jpg 768w, https:\/\/oposicionesinformaticaysai.com\/wp-content\/uploads\/2024\/06\/exposicion-pizarra-1536x1024.jpg 1536w, https:\/\/oposicionesinformaticaysai.com\/wp-content\/uploads\/2024\/06\/exposicion-pizarra-2048x1365.jpg 2048w\" sizes=\"(max-width: 2560px) 100vw, 2560px\" \/><\/figure>\n\n\n\n<div class=\"wp-block-group has-gray-background-color has-background is-layout-constrained wp-block-group-is-layout-constrained\" style=\"padding-top:var(--wp--preset--spacing--small);padding-right:var(--wp--preset--spacing--small);padding-bottom:var(--wp--preset--spacing--small);padding-left:var(--wp--preset--spacing--small)\">\n<h3 class=\"wp-block-heading\">Preparaci\u00f3n de oposiciones<\/h3>\n\n\n\n<p>Grupo reducido, atenci\u00f3n personalizada, presencial\/online, orientaci\u00f3n y motivaci\u00f3n, aula virtual \u2026<\/p>\n<\/div>\n<\/div>\n\n\n\n<div class=\"wp-block-column is-layout-flow wp-block-column-is-layout-flow\">\n<figure class=\"wp-block-image size-full\"><img loading=\"lazy\" decoding=\"async\" width=\"450\" height=\"300\" src=\"https:\/\/oposicionesinformaticaysai.com\/wp-content\/uploads\/2024\/06\/grupospequenos2.jpg\" alt=\"Tema escrito y pr\u00e1ctico\" class=\"wp-image-38\" srcset=\"https:\/\/oposicionesinformaticaysai.com\/wp-content\/uploads\/2024\/06\/grupospequenos2.jpg 450w, https:\/\/oposicionesinformaticaysai.com\/wp-content\/uploads\/2024\/06\/grupospequenos2-300x200.jpg 300w\" sizes=\"(max-width: 450px) 100vw, 450px\" \/><\/figure>\n\n\n\n<div class=\"wp-block-group has-gray-background-color has-background is-layout-constrained wp-block-group-is-layout-constrained\" style=\"padding-top:var(--wp--preset--spacing--small);padding-right:var(--wp--preset--spacing--small);padding-bottom:var(--wp--preset--spacing--small);padding-left:var(--wp--preset--spacing--small)\">\n<h3 class=\"wp-block-heading\">Tema escrito y pr\u00e1ctico<\/h3>\n\n\n\n<p>Temas propios y actualizados, t\u00e9cnicas de estudio, supuestos pr\u00e1cticos variados, simulacros \u2026<\/p>\n<\/div>\n<\/div>\n\n\n\n<div class=\"wp-block-column is-layout-flow wp-block-column-is-layout-flow\">\n<figure class=\"wp-block-image size-full\"><img loading=\"lazy\" decoding=\"async\" width=\"540\" height=\"360\" src=\"https:\/\/oposicionesinformaticaysai.com\/wp-content\/uploads\/2024\/06\/exposicion-pizarra4.jpg\" alt=\"Programaci\u00f3n y UD\" class=\"wp-image-102\" srcset=\"https:\/\/oposicionesinformaticaysai.com\/wp-content\/uploads\/2024\/06\/exposicion-pizarra4.jpg 540w, https:\/\/oposicionesinformaticaysai.com\/wp-content\/uploads\/2024\/06\/exposicion-pizarra4-300x200.jpg 300w\" sizes=\"(max-width: 540px) 100vw, 540px\" \/><\/figure>\n\n\n\n<div class=\"wp-block-group has-gray-background-color has-background is-layout-constrained wp-block-group-is-layout-constrained\" style=\"padding-top:var(--wp--preset--spacing--small);padding-right:var(--wp--preset--spacing--small);padding-bottom:var(--wp--preset--spacing--small);padding-left:var(--wp--preset--spacing--small)\">\n<h3 class=\"wp-block-heading\">Programaci\u00f3n y UD<\/h3>\n\n\n\n<p>Elaboraci\u00f3n de Programaci\u00f3n Did\u00e1ctica y Unidades\/Situaciones de aprendizaje, legislaci\u00f3n vigente, exposiciones orales \u2026<\/p>\n<\/div>\n<\/div>\n<\/div>\n\n\n\n<div style=\"height:2rem\" aria-hidden=\"true\" class=\"wp-block-spacer\"><\/div>\n<\/div>\n\n\n\n<div class=\"wp-block-group pattern-services is-layout-constrained wp-block-group-is-layout-constrained\" style=\"padding-top:var(--wp--preset--spacing--small);padding-bottom:0\">\n<h2 class=\"wp-block-heading has-text-align-center has-links-color has-text-color has-link-color wp-elements-254b53ea72aec9763c38f139968d0a8f\" style=\"padding-bottom:var(--wp--preset--spacing--small)\">Estad\u00edstica de convocatorias anteriores en Andaluc\u00eda<\/h2>\n<\/div>\n\n\n\n<div class=\"wp-block-group alignfull section-stats-counter has-gray-background-color has-background is-layout-constrained wp-block-group-is-layout-constrained\">\n<div class=\"wp-block-columns is-layout-flex wp-container-core-columns-is-layout-4 wp-block-columns-is-layout-flex\">\n<div class=\"wp-block-column is-layout-flow wp-block-column-is-layout-flow\" style=\"padding-top:var(--wp--preset--spacing--small)\">\n<h2 class=\"wp-block-heading has-text-align-center has-blue-color has-text-color has-link-color has-medium-font-size wp-elements-a6cc3c1a41097e48f0373cfc5c38c646\">Especialidad: Inform\u00e1tica<\/h2>\n<\/div>\n<\/div>\n\n\n\n<div class=\"wp-block-columns is-not-stacked-on-mobile is-layout-flex wp-container-core-columns-is-layout-5 wp-block-columns-is-layout-flex\" style=\"padding-top:0;padding-bottom:var(--wp--preset--spacing--small)\">\n<div class=\"wp-block-column is-layout-flow wp-block-column-is-layout-flow\" style=\"padding-top:0;padding-bottom:0;flex-basis:30%\">\n<h3 class=\"wp-block-heading has-text-align-center has-medium-font-size\">A\u00f1o:<\/h3>\n\n\n\n<h3 class=\"wp-block-heading has-text-align-center has-medium-font-size\">Plazas:<\/h3>\n\n\n\n<h3 class=\"wp-block-heading has-text-align-center has-medium-font-size\">Ratio*:<\/h3>\n<\/div>\n\n\n\n<div class=\"wp-block-column increase is-layout-flow wp-block-column-is-layout-flow\" style=\"padding-top:0;padding-bottom:0\">\n<h1 class=\"wp-block-heading has-text-align-center has-medium-font-size\"><strong>2018<\/strong><\/h1>\n\n\n\n<h2 class=\"wp-block-heading has-text-align-center has-blue-color has-text-color has-link-color has-medium-font-size wp-elements-d5832ad5dbacf1b8607f4c4a87e1ef52\"><strong>125<\/strong><\/h2>\n\n\n\n<h3 class=\"wp-block-heading has-text-align-center has-medium-font-size\">4,48<\/h3>\n<\/div>\n\n\n\n<div class=\"wp-block-column increase is-layout-flow wp-block-column-is-layout-flow\" style=\"padding-top:0;padding-bottom:0\">\n<h1 class=\"wp-block-heading has-text-align-center has-medium-font-size\"><strong>2021<\/strong><\/h1>\n\n\n\n<h2 class=\"wp-block-heading has-text-align-center has-blue-color has-text-color has-link-color has-medium-font-size wp-elements-2f9a3bbe6b41a37f64aae7cbbe8a0f61\"><strong>164<\/strong><\/h2>\n\n\n\n<h3 class=\"wp-block-heading has-text-align-center has-medium-font-size\">4,4<\/h3>\n<\/div>\n\n\n\n<div class=\"wp-block-column increase is-layout-flow wp-block-column-is-layout-flow\" style=\"padding-top:0;padding-bottom:0\">\n<h1 class=\"wp-block-heading has-text-align-center has-medium-font-size\"><strong>2023<\/strong><\/h1>\n\n\n\n<h2 class=\"wp-block-heading has-text-align-center has-blue-color has-text-color has-link-color has-medium-font-size wp-elements-f46fdcace3acc71907535105f02b5367\"><strong>271<\/strong><\/h2>\n\n\n\n<h3 class=\"wp-block-heading has-text-align-center has-medium-font-size\">3<\/h3>\n<\/div>\n\n\n\n<div class=\"wp-block-column increase is-layout-flow wp-block-column-is-layout-flow\" style=\"padding-top:0;padding-bottom:0\">\n<h1 class=\"wp-block-heading has-text-align-center has-medium-font-size\"><strong>2025<\/strong><\/h1>\n\n\n\n<h2 class=\"wp-block-heading has-text-align-center has-blue-color has-text-color has-link-color has-medium-font-size wp-elements-e8cd152fce036ebac2cf3513ef12151e\"><strong>428<\/strong><\/h2>\n\n\n\n<h3 class=\"wp-block-heading has-text-align-center has-medium-font-size\">1,7<\/h3>\n<\/div>\n<\/div>\n<\/div>\n\n\n\n<div class=\"wp-block-group alignfull section-stats-counter has-gray-background-color has-background is-layout-constrained wp-block-group-is-layout-constrained\">\n<div class=\"wp-block-columns is-layout-flex wp-container-core-columns-is-layout-6 wp-block-columns-is-layout-flex\">\n<div class=\"wp-block-column is-layout-flow wp-block-column-is-layout-flow\" style=\"padding-top:var(--wp--preset--spacing--small)\">\n<h2 class=\"wp-block-heading has-text-align-center has-blue-color has-text-color has-link-color has-medium-font-size wp-elements-ed826e998bb58097d3714f98b2cb5762\">Especialidad: Sistemas y Aplicaciones Inform\u00e1ticas<\/h2>\n<\/div>\n<\/div>\n\n\n\n<div class=\"wp-block-columns is-not-stacked-on-mobile is-layout-flex wp-container-core-columns-is-layout-7 wp-block-columns-is-layout-flex\" style=\"padding-top:0;padding-bottom:var(--wp--preset--spacing--small)\">\n<div class=\"wp-block-column is-layout-flow wp-block-column-is-layout-flow\" style=\"padding-top:0;padding-bottom:0;flex-basis:30%\">\n<h3 class=\"wp-block-heading has-text-align-center has-medium-font-size\">A\u00f1o:<\/h3>\n\n\n\n<h3 class=\"wp-block-heading has-text-align-center has-medium-font-size\">Plazas:<\/h3>\n\n\n\n<h3 class=\"wp-block-heading has-text-align-center has-medium-font-size\">Ratio*:<\/h3>\n<\/div>\n\n\n\n<div class=\"wp-block-column increase is-layout-flow wp-block-column-is-layout-flow\" style=\"padding-top:0;padding-bottom:0\">\n<h1 class=\"wp-block-heading has-text-align-center has-medium-font-size\"><strong>2018<\/strong><\/h1>\n\n\n\n<h2 class=\"wp-block-heading has-text-align-center has-blue-color has-text-color has-link-color has-medium-font-size wp-elements-6d2bc914509cf714593cedd43d55ce73\"><strong>60<\/strong><\/h2>\n\n\n\n<h3 class=\"wp-block-heading has-text-align-center has-medium-font-size\">5,1<\/h3>\n<\/div>\n\n\n\n<div class=\"wp-block-column increase is-layout-flow wp-block-column-is-layout-flow\" style=\"padding-top:0;padding-bottom:0\">\n<h1 class=\"wp-block-heading has-text-align-center has-medium-font-size\"><strong>2021<\/strong><\/h1>\n\n\n\n<h2 class=\"wp-block-heading has-text-align-center has-blue-color has-text-color has-link-color has-medium-font-size wp-elements-5a92ff38d1b9919b47ba5d85ec66bdb2\"><strong>218<\/strong><\/h2>\n\n\n\n<h3 class=\"wp-block-heading has-text-align-center has-medium-font-size\">2,6<\/h3>\n<\/div>\n\n\n\n<div class=\"wp-block-column increase is-layout-flow wp-block-column-is-layout-flow\" style=\"padding-top:0;padding-bottom:0\">\n<h1 class=\"wp-block-heading has-text-align-center has-medium-font-size\"><strong>2023<\/strong><\/h1>\n\n\n\n<h2 class=\"wp-block-heading has-text-align-center has-blue-color has-text-color has-link-color has-medium-font-size wp-elements-478280a79544ef8e28086275deb2bf61\"><strong>48<\/strong><\/h2>\n\n\n\n<h3 class=\"wp-block-heading has-text-align-center has-medium-font-size\">5,5<\/h3>\n<\/div>\n<\/div>\n<\/div>\n\n\n\n<div class=\"wp-block-group pattern-services is-layout-constrained wp-block-group-is-layout-constrained\" style=\"padding-top:var(--wp--preset--spacing--small);padding-bottom:0\"><\/div>\n\n\n\n<p>* Las ratios de opositores por plaza en ambas especialidades en las \u00faltimas convocatorias han sido muy buenas, especialmente si se comparan con otras oposiciones y especialidades. Estas son las ratios oficiales de opositores que solicitaron participar en los procesos selectivos de cada convocatoria. No obstante, <strong>la ratio real<\/strong>, es decir los que realmente se presentan a las pruebas <strong>suele ser a\u00fan m\u00e1s baja<\/strong>. Ya que en torno al 20%-30% de personas que se inscriben, finalmente no llegan a presentarse por distintos motivos: falta de preparaci\u00f3n, lo solicitaron s\u00f3lo por probar suerte, coincidencia de fechas, cambios de opini\u00f3n, \u2026<\/p>\n\n\n\n<div style=\"height:100px\" aria-hidden=\"true\" class=\"wp-block-spacer\"><\/div>\n","protected":false},"excerpt":{"rendered":"<p>Andaluc\u00eda ha convocado para junio de 2026 las especialidades de Inform\u00e1tica y Sistemas y Aplicaciones&hellip;<\/p>\n","protected":false},"author":1,"featured_media":0,"parent":0,"menu_order":0,"comment_status":"closed","ping_status":"closed","template":"","meta":{"om_disable_all_campaigns":false,"_monsterinsights_skip_tracking":false,"_monsterinsights_sitenote_active":false,"_monsterinsights_sitenote_note":"","_monsterinsights_sitenote_category":0,"footnotes":""},"aioseo_notices":[],"_links":{"self":[{"href":"https:\/\/oposicionesinformaticaysai.com\/index.php\/wp-json\/wp\/v2\/pages\/6"}],"collection":[{"href":"https:\/\/oposicionesinformaticaysai.com\/index.php\/wp-json\/wp\/v2\/pages"}],"about":[{"href":"https:\/\/oposicionesinformaticaysai.com\/index.php\/wp-json\/wp\/v2\/types\/page"}],"author":[{"embeddable":true,"href":"https:\/\/oposicionesinformaticaysai.com\/index.php\/wp-json\/wp\/v2\/users\/1"}],"replies":[{"embeddable":true,"href":"https:\/\/oposicionesinformaticaysai.com\/index.php\/wp-json\/wp\/v2\/comments?post=6"}],"version-history":[{"count":113,"href":"https:\/\/oposicionesinformaticaysai.com\/index.php\/wp-json\/wp\/v2\/pages\/6\/revisions"}],"predecessor-version":[{"id":482,"href":"https:\/\/oposicionesinformaticaysai.com\/index.php\/wp-json\/wp\/v2\/pages\/6\/revisions\/482"}],"wp:attachment":[{"href":"https:\/\/oposicionesinformaticaysai.com\/index.php\/wp-json\/wp\/v2\/media?parent=6"}],"curies":[{"name":"wp","href":"https:\/\/api.w.org\/{rel}","templated":true}]}}