{"id":7,"date":"2024-06-05T19:02:38","date_gmt":"2024-06-05T17:02:38","guid":{"rendered":"https:\/\/oposicionesinformaticaysai.com\/?page_id=7"},"modified":"2024-06-14T10:04:36","modified_gmt":"2024-06-14T08:04:36","slug":"aboutme","status":"publish","type":"page","link":"https:\/\/oposicionesinformaticaysai.com\/index.php\/aboutme\/","title":{"rendered":"Qui\u00e9n soy"},"content":{"rendered":"\n<div class=\"wp-block-group is-layout-constrained wp-block-group-is-layout-constrained\" style=\"padding-top:var(--wp--preset--spacing--small);padding-bottom:var(--wp--preset--spacing--small)\">\n<div class=\"wp-block-columns p-animation-text-moveUp is-layout-flex wp-container-core-columns-is-layout-2 wp-block-columns-is-layout-flex\" style=\"margin-bottom:0;padding-top:var(--wp--preset--spacing--small);padding-right:0;padding-bottom:var(--wp--preset--spacing--large);padding-left:0\">\n<div class=\"wp-block-column is-layout-flow wp-block-column-is-layout-flow\" style=\"flex-basis:35%\">\n<div class=\"wp-block-columns is-layout-flex wp-container-core-columns-is-layout-1 wp-block-columns-is-layout-flex\">\n<div class=\"wp-block-column is-layout-flow wp-block-column-is-layout-flow\">\n<figure class=\"wp-block-image size-full is-resized has-custom-border\"><img loading=\"lazy\" decoding=\"async\" width=\"1024\" height=\"1024\" src=\"https:\/\/oposicionesinformaticaysai.com\/wp-content\/uploads\/2024\/06\/af8f6d19-b435-4b30-9bb7-9cdd5fb8d7c9.jpeg\" alt=\"\" class=\"wp-image-72\" style=\"border-radius:66px;width:318px;height:auto\" srcset=\"https:\/\/oposicionesinformaticaysai.com\/wp-content\/uploads\/2024\/06\/af8f6d19-b435-4b30-9bb7-9cdd5fb8d7c9.jpeg 1024w, https:\/\/oposicionesinformaticaysai.com\/wp-content\/uploads\/2024\/06\/af8f6d19-b435-4b30-9bb7-9cdd5fb8d7c9-300x300.jpeg 300w, https:\/\/oposicionesinformaticaysai.com\/wp-content\/uploads\/2024\/06\/af8f6d19-b435-4b30-9bb7-9cdd5fb8d7c9-150x150.jpeg 150w, https:\/\/oposicionesinformaticaysai.com\/wp-content\/uploads\/2024\/06\/af8f6d19-b435-4b30-9bb7-9cdd5fb8d7c9-768x768.jpeg 768w\" sizes=\"(max-width: 1024px) 100vw, 1024px\" \/><\/figure>\n<\/div>\n<\/div>\n<\/div>\n\n\n\n<div class=\"wp-block-column is-vertically-aligned-center is-layout-flow wp-block-column-is-layout-flow\">\n<p>Me llamo&nbsp;<strong>Javier<\/strong>, soy&nbsp;<strong>funcionario docente<\/strong>&nbsp;de las especialidades de<strong>&nbsp;Inform\u00e1tica<\/strong>&nbsp;y&nbsp;<strong>Sistemas y Aplicaciones Inform\u00e1ticas<\/strong>&nbsp;en Andaluc\u00eda y&nbsp;<strong>preparador de oposiciones<\/strong>&nbsp;de ambas especialidades.<\/p>\n\n\n\n<p>Como muchos compa\u00f1eros en estas dos especialidades, empec\u00e9 mi carrera profesional trabajando en distintas empresas hasta que finalmente en 2007 me decid\u00ed a prepararme las oposiciones. No fue un camino f\u00e1cil, pero con&nbsp;<strong>esfuerzo y tenacidad<\/strong>, consegu\u00ed una de las mejores calificaciones en Andaluc\u00eda, y as\u00ed pude acceder a la funci\u00f3n p\u00fablica docente. Los a\u00f1os han ido pasando y me sigo alegrando enormemente de haber tomado aquella decisi\u00f3n, puesto que gracias a ello pude terminar de descubrir<strong>&nbsp;mi gran pasi\u00f3n<\/strong>, la&nbsp;<strong>docencia<\/strong>.<\/p>\n\n\n\n<p>Este trabajo me ha permitido, a su vez,&nbsp;<strong>contribuir al desarrollo personal y profesional&nbsp;<\/strong>de mis alumnos, sentirme \u00fatil y&nbsp;<strong>aprender&nbsp;<\/strong>cada d\u00eda de ellos y de mis compa\u00f1eros,&nbsp;<strong>superarme&nbsp;<\/strong>ante cada reto, ser creativo, din\u00e1mico, y junto a todo ello,&nbsp;<strong>disfrutar&nbsp;<\/strong>de un trabajo&nbsp;<strong>estable&nbsp;<\/strong>que me encanta y que me ha dado la posibilidad de poder pasar m\u00e1s tiempo con mi&nbsp;<strong>familia&nbsp;<\/strong>y&nbsp;<strong>alcanzar&nbsp;<\/strong>otros sue\u00f1os.<\/p>\n\n\n\n<p>Durante todos estos a\u00f1os he impartido docencia en&nbsp;<strong>distintos niveles<\/strong>: ESO, Bachillerato, FP grado b\u00e1sico, FP grado medio y FP grado superior. Tambi\u00e9n me ha gustado participar activamente en la vida diaria de los centros educativos, involucrarme en diversos planes, programas y proyectos y seguir form\u00e1ndome de manera continua.<\/p>\n\n\n\n<p>En los \u00faltimos a\u00f1os, he cumplido el sue\u00f1o (y tambi\u00e9n el reto profesional) de poder&nbsp;<strong>ayudar a otros compa\u00f1eros y compa\u00f1eras<\/strong>&nbsp;a cumplir tambi\u00e9n los suyos. A trav\u00e9s de mis conocimientos y mi experiencia como opositor y como preparador he elaborado una metodolog\u00eda de preparaci\u00f3n muy variada y optimizada para que el opositor no pierda el tiempo y pueda aprovechar al m\u00e1ximo su esfuerzo. Esta metodolog\u00eda ha permitido obtener&nbsp;<strong>muy buenos resultados<\/strong>&nbsp;en las \u00faltimas convocatorias. En este camino tambi\u00e9n cuento con la colaboraci\u00f3n de otros compa\u00f1eros&nbsp;<strong>expertos&nbsp;<\/strong>en distintos campos. Si te gusta esta carrera profesional, te \u00e1nimo a que des el salto, no te arrepentir\u00e1s. Y si decides que sea yo quien te gu\u00ede y oriente en este camino, estar\u00e9 encantado de ayudarte.<\/p>\n<\/div>\n<\/div>\n\n\n\n<div class=\"wp-block-columns is-layout-flex wp-container-core-columns-is-layout-3 wp-block-columns-is-layout-flex\" style=\"padding-top:var(--wp--preset--spacing--large);padding-bottom:var(--wp--preset--spacing--large)\">\n<div class=\"wp-block-column is-vertically-aligned-center has-gray-background-color has-background is-layout-flow wp-block-column-is-layout-flow\" style=\"padding-top:var(--wp--preset--spacing--large);padding-right:var(--wp--preset--spacing--small);padding-bottom:var(--wp--preset--spacing--large);padding-left:var(--wp--preset--spacing--small)\">\n<figure class=\"wp-block-image aligncenter size-full is-resized bk-duotone-primary\"><img loading=\"lazy\" decoding=\"async\" width=\"512\" height=\"512\" src=\"https:\/\/oposicionesinformaticaysai.com\/wp-content\/uploads\/2024\/06\/icono-pizarra.png\" alt=\"\" class=\"wp-image-81\" style=\"width:90px;height:auto\" srcset=\"https:\/\/oposicionesinformaticaysai.com\/wp-content\/uploads\/2024\/06\/icono-pizarra.png 512w, https:\/\/oposicionesinformaticaysai.com\/wp-content\/uploads\/2024\/06\/icono-pizarra-300x300.png 300w, https:\/\/oposicionesinformaticaysai.com\/wp-content\/uploads\/2024\/06\/icono-pizarra-150x150.png 150w\" sizes=\"(max-width: 512px) 100vw, 512px\" \/><\/figure>\n\n\n\n<h2 class=\"wp-block-heading has-text-align-center\" style=\"padding-top:var(--wp--preset--spacing--xx-small);letter-spacing:-0.04em;line-height:1.1\">Experiencia Docente<\/h2>\n\n\n\n<ul>\n<li><strong>Profesor de PES Sistema y Aplicaciones Inform\u00e1ticas<\/strong>\u00a0(2008-actualidad). Obtuve\u00a0<strong>la 3\u00aa mejor nota<\/strong>\u00a0<strong>de Andaluc\u00eda<\/strong>\u00a0en esta especialidad.<\/li>\n\n\n\n<li>Adquisici\u00f3n de\u00a0<strong>nueva especialidad\u00a0<\/strong>por oposici\u00f3n<strong>: PES Inform\u00e1tica.<\/strong><\/li>\n\n\n\n<li><strong>Tutor de M\u00e1ster Universitario\u00a0<\/strong>en Ense\u00f1anza Secundaria Obligatoria y Bachillerato, Formaci\u00f3n Profesional y Ense\u00f1anza de Idiomas<\/li>\n\n\n\n<li>Coordinador y participante en diversos<strong>\u00a0planes, programas y proyectos.<\/strong><\/li>\n\n\n\n<li>Direcci\u00f3n y desarrollo de\u00a0<strong>actividades de ocio y tiempo libre<\/strong>. Experiencia en formaci\u00f3n en este campo.<\/li>\n<\/ul>\n<\/div>\n\n\n\n<div class=\"wp-block-column is-vertically-aligned-top has-grey-background-color has-gray-background-color has-background is-layout-flow wp-block-column-is-layout-flow\" style=\"padding-top:var(--wp--preset--spacing--large);padding-right:var(--wp--preset--spacing--small);padding-bottom:var(--wp--preset--spacing--large);padding-left:var(--wp--preset--spacing--small)\">\n<figure class=\"wp-block-image aligncenter size-full is-resized bk-duotone-primary\"><img loading=\"lazy\" decoding=\"async\" width=\"512\" height=\"512\" src=\"https:\/\/oposicionesinformaticaysai.com\/wp-content\/uploads\/2024\/06\/formacion-academica-icono.png\" alt=\"\" class=\"wp-image-83\" style=\"width:90px\" srcset=\"https:\/\/oposicionesinformaticaysai.com\/wp-content\/uploads\/2024\/06\/formacion-academica-icono.png 512w, https:\/\/oposicionesinformaticaysai.com\/wp-content\/uploads\/2024\/06\/formacion-academica-icono-300x300.png 300w, https:\/\/oposicionesinformaticaysai.com\/wp-content\/uploads\/2024\/06\/formacion-academica-icono-150x150.png 150w\" sizes=\"(max-width: 512px) 100vw, 512px\" \/><\/figure>\n\n\n\n<h2 class=\"wp-block-heading has-text-align-center\" style=\"padding-top:var(--wp--preset--spacing--xx-small);letter-spacing:-0.03em;line-height:1.1\">Formaci\u00f3n acad\u00e9mica<\/h2>\n\n\n\n<ul>\n<li>Master en<strong>\u00a0E-Learning: Nuevas Tecnolog\u00edas para el Aprendizaje a trav\u00e9s de Internet<\/strong>.<\/li>\n\n\n\n<li>Graduado en\u00a0<strong>Ingenier\u00eda Inform\u00e1tica<\/strong><\/li>\n\n\n\n<li>Ingeniero T\u00e9cnico en\u00a0<strong>Inform\u00e1tica de Gesti\u00f3n<\/strong>.<\/li>\n\n\n\n<li>Formaci\u00f3n continua en m\u00faltiples campos tanto t\u00e9cnicos como pedag\u00f3gicos.<\/li>\n\n\n\n<li>Idiomas: ingl\u00e9s (C2)<\/li>\n<\/ul>\n<\/div>\n<\/div>\n<\/div>\n","protected":false},"excerpt":{"rendered":"<p>Me llamo&nbsp;Javier, soy&nbsp;funcionario docente&nbsp;de las especialidades de&nbsp;Inform\u00e1tica&nbsp;y&nbsp;Sistemas y Aplicaciones Inform\u00e1ticas&nbsp;en Andaluc\u00eda y&nbsp;preparador de oposiciones&nbsp;de ambas&hellip;<\/p>\n","protected":false},"author":1,"featured_media":0,"parent":0,"menu_order":0,"comment_status":"closed","ping_status":"closed","template":"","meta":{"om_disable_all_campaigns":false,"_monsterinsights_skip_tracking":false,"_monsterinsights_sitenote_active":false,"_monsterinsights_sitenote_note":"","_monsterinsights_sitenote_category":0,"footnotes":""},"aioseo_notices":[],"_links":{"self":[{"href":"https:\/\/oposicionesinformaticaysai.com\/index.php\/wp-json\/wp\/v2\/pages\/7"}],"collection":[{"href":"https:\/\/oposicionesinformaticaysai.com\/index.php\/wp-json\/wp\/v2\/pages"}],"about":[{"href":"https:\/\/oposicionesinformaticaysai.com\/index.php\/wp-json\/wp\/v2\/types\/page"}],"author":[{"embeddable":true,"href":"https:\/\/oposicionesinformaticaysai.com\/index.php\/wp-json\/wp\/v2\/users\/1"}],"replies":[{"embeddable":true,"href":"https:\/\/oposicionesinformaticaysai.com\/index.php\/wp-json\/wp\/v2\/comments?post=7"}],"version-history":[{"count":10,"href":"https:\/\/oposicionesinformaticaysai.com\/index.php\/wp-json\/wp\/v2\/pages\/7\/revisions"}],"predecessor-version":[{"id":86,"href":"https:\/\/oposicionesinformaticaysai.com\/index.php\/wp-json\/wp\/v2\/pages\/7\/revisions\/86"}],"wp:attachment":[{"href":"https:\/\/oposicionesinformaticaysai.com\/index.php\/wp-json\/wp\/v2\/media?parent=7"}],"curies":[{"name":"wp","href":"https:\/\/api.w.org\/{rel}","templated":true}]}}