{"id":91,"date":"2024-06-05T20:20:35","date_gmt":"2024-06-05T18:20:35","guid":{"rendered":"https:\/\/oposicionesinformaticaysai.com\/?page_id=91"},"modified":"2025-07-25T09:54:13","modified_gmt":"2025-07-25T07:54:13","slug":"metodologia","status":"publish","type":"page","link":"https:\/\/oposicionesinformaticaysai.com\/index.php\/metodologia\/","title":{"rendered":"Metodolog\u00eda"},"content":{"rendered":"\n<div class=\"wp-block-group is-layout-constrained wp-block-group-is-layout-constrained\" style=\"padding-top:var(--wp--preset--spacing--large);padding-bottom:var(--wp--preset--spacing--large)\">\n<p class=\"has-text-align-center p-animation-moveUp\">Bas\u00e1ndome en mis conocimientos y experiencia tanto como opositor y como preparador, he desarrollado una metodolog\u00eda de preparaci\u00f3n exhaustiva y eficaz. Esta estrategia diversificada y optimizada est\u00e1 dise\u00f1ada para maximizar el rendimiento del opositor, evitando la p\u00e9rdida de tiempo. Los resultados obtenidos en convocatorias anteriores respaldan la efectividad de este enfoque. Adem\u00e1s, cuento con la colaboraci\u00f3n de <strong>otros expertos en diversos campos<\/strong>, lo que enriquece a\u00fan m\u00e1s este proceso de preparaci\u00f3n<\/p>\n\n\n\n<div class=\"wp-block-columns p-animation-text-moveUp is-layout-flex wp-container-core-columns-is-layout-2 wp-block-columns-is-layout-flex\" style=\"margin-bottom:0;padding-top:var(--wp--preset--spacing--large);padding-right:0;padding-bottom:var(--wp--preset--spacing--large);padding-left:0\">\n<div class=\"wp-block-column is-layout-flow wp-block-column-is-layout-flow\">\n<div class=\"wp-block-columns is-layout-flex wp-container-core-columns-is-layout-1 wp-block-columns-is-layout-flex\">\n<div class=\"wp-block-column is-layout-flow wp-block-column-is-layout-flow\">\n<figure class=\"wp-block-image size-full has-custom-border\"><img loading=\"lazy\" decoding=\"async\" width=\"2560\" height=\"1707\" src=\"https:\/\/oposicionesinformaticaysai.com\/wp-content\/uploads\/2024\/06\/exposicion-pizarra-1-scaled.jpg\" alt=\"\" class=\"wp-image-92\" style=\"border-radius:6px\" srcset=\"https:\/\/oposicionesinformaticaysai.com\/wp-content\/uploads\/2024\/06\/exposicion-pizarra-1-scaled.jpg 2560w, https:\/\/oposicionesinformaticaysai.com\/wp-content\/uploads\/2024\/06\/exposicion-pizarra-1-300x200.jpg 300w, https:\/\/oposicionesinformaticaysai.com\/wp-content\/uploads\/2024\/06\/exposicion-pizarra-1-1024x683.jpg 1024w, https:\/\/oposicionesinformaticaysai.com\/wp-content\/uploads\/2024\/06\/exposicion-pizarra-1-768x512.jpg 768w, https:\/\/oposicionesinformaticaysai.com\/wp-content\/uploads\/2024\/06\/exposicion-pizarra-1-1536x1024.jpg 1536w, https:\/\/oposicionesinformaticaysai.com\/wp-content\/uploads\/2024\/06\/exposicion-pizarra-1-2048x1365.jpg 2048w\" sizes=\"(max-width: 2560px) 100vw, 2560px\" \/><\/figure>\n<\/div>\n<\/div>\n<\/div>\n\n\n\n<div class=\"wp-block-column is-vertically-aligned-center is-layout-flow wp-block-column-is-layout-flow\">\n<h2 class=\"wp-block-heading has-blue-color has-text-color has-link-color wp-elements-759eb5ebe31a4c9c286945b4c68c3ad6\" style=\"padding-bottom:var(--wp--preset--spacing--xx-small);letter-spacing:-0.02em;line-height:1.2\">General<\/h2>\n\n\n\n<ul>\n<li>Preparaci\u00f3n en <strong>grupo reducido<\/strong>, en un ambiente muy cercano y personalizado.<\/li>\n\n\n\n<li><strong>Sesiones semanales<\/strong> impartidas tanto en formato semipresencial como online. Centro de formaci\u00f3n en <strong>Granada<\/strong>.<\/li>\n\n\n\n<li>Las sesiones se ir\u00e1n alternando una semana en <strong>s\u00e1bado por la ma\u00f1ana<\/strong> y la siguiente en <strong>jueves por la tarde<\/strong> y as\u00ed sucesivamente. Con ello se intenta facilitar la conciliaci\u00f3n familiar\/laboral\/personal de los opositores.<\/li>\n\n\n\n<li><strong>Fomento del trabajo en equipo<\/strong> e intercambio de conocimientos.<\/li>\n\n\n\n<li>Uso <strong>aula virtual<\/strong> como apoyo a las clases.<\/li>\n\n\n\n<li>Realizaci\u00f3n de <strong>simulacros peri\u00f3dico<\/strong>s de cada una de las partes. Estos ser\u00e1n corregidos por m\u00ed para poder aportarte mis sugerencias<\/li>\n\n\n\n<li>Resoluci\u00f3n de dudas y <strong>atenci\u00f3n personalizada<\/strong> en clase y si es necesario por correo o por tel\u00e9fono.<\/li>\n\n\n\n<li>Apoyo y consejos para mantener la <strong>motivaci\u00f3n <\/strong>alta en todo el proceso.<\/li>\n\n\n\n<li>Nuestra preparaci\u00f3n est\u00e1 especializada y centrada en los procesos selectivo que se realizan en <strong>Andaluc\u00eda<\/strong><\/li>\n<\/ul>\n<\/div>\n<\/div>\n\n\n\n<div class=\"wp-block-columns is-swap-on-mobile p-animation-text-moveUp is-layout-flex wp-container-core-columns-is-layout-4 wp-block-columns-is-layout-flex\" style=\"margin-bottom:var(--wp--preset--spacing--large)\">\n<div class=\"wp-block-column is-vertically-aligned-center is-layout-flow wp-block-column-is-layout-flow\">\n<h2 class=\"wp-block-heading has-blue-color has-text-color has-link-color wp-elements-413f9be42c026b2b1e834e28ebe3fbe2\" style=\"padding-bottom:var(--wp--preset--spacing--xx-small);letter-spacing:-0.02em;line-height:1.2\">Parte Tema escrito<\/h2>\n\n\n\n<ul>\n<li>Temas con <strong>res\u00famenes propios y actualizados<\/strong> que facilitan el estudio.<\/li>\n\n\n\n<li><strong>Estrategias de aprendizaje<\/strong>.<\/li>\n\n\n\n<li>Orientaciones para la elaboraci\u00f3n de <strong>introducciones <\/strong>y <strong>conclusiones<\/strong><\/li>\n\n\n\n<li><strong>Bibliograf\u00eda <\/strong>que incluye una variedad de fuentes actualizadas y confiables.<\/li>\n<\/ul>\n<\/div>\n\n\n\n<div class=\"wp-block-column is-layout-flow wp-block-column-is-layout-flow\">\n<div class=\"wp-block-columns is-layout-flex wp-container-core-columns-is-layout-3 wp-block-columns-is-layout-flex\">\n<div class=\"wp-block-column is-layout-flow wp-block-column-is-layout-flow\">\n<figure class=\"wp-block-image size-full has-custom-border\"><img loading=\"lazy\" decoding=\"async\" width=\"2560\" height=\"1827\" src=\"https:\/\/oposicionesinformaticaysai.com\/wp-content\/uploads\/2024\/06\/expedienteacademico-scaled.jpeg\" alt=\"\" class=\"wp-image-93\" style=\"border-radius:6px\" srcset=\"https:\/\/oposicionesinformaticaysai.com\/wp-content\/uploads\/2024\/06\/expedienteacademico-scaled.jpeg 2560w, https:\/\/oposicionesinformaticaysai.com\/wp-content\/uploads\/2024\/06\/expedienteacademico-300x214.jpeg 300w, https:\/\/oposicionesinformaticaysai.com\/wp-content\/uploads\/2024\/06\/expedienteacademico-1024x731.jpeg 1024w, https:\/\/oposicionesinformaticaysai.com\/wp-content\/uploads\/2024\/06\/expedienteacademico-768x548.jpeg 768w, https:\/\/oposicionesinformaticaysai.com\/wp-content\/uploads\/2024\/06\/expedienteacademico-1536x1096.jpeg 1536w, https:\/\/oposicionesinformaticaysai.com\/wp-content\/uploads\/2024\/06\/expedienteacademico-2048x1462.jpeg 2048w\" sizes=\"(max-width: 2560px) 100vw, 2560px\" \/><\/figure>\n<\/div>\n<\/div>\n<\/div>\n<\/div>\n\n\n\n<div class=\"wp-block-columns p-animation-text-moveUp is-layout-flex wp-container-core-columns-is-layout-6 wp-block-columns-is-layout-flex\">\n<div class=\"wp-block-column is-layout-flow wp-block-column-is-layout-flow\">\n<div class=\"wp-block-columns is-layout-flex wp-container-core-columns-is-layout-5 wp-block-columns-is-layout-flex\">\n<div class=\"wp-block-column is-layout-flow wp-block-column-is-layout-flow\">\n<figure class=\"wp-block-image size-full has-custom-border\"><img loading=\"lazy\" decoding=\"async\" width=\"1024\" height=\"683\" src=\"https:\/\/oposicionesinformaticaysai.com\/wp-content\/uploads\/2024\/06\/Is-Computer-Science-the-Same-as-Programming-1024x683-1.jpg\" alt=\"\" class=\"wp-image-95\" style=\"border-radius:6px\" srcset=\"https:\/\/oposicionesinformaticaysai.com\/wp-content\/uploads\/2024\/06\/Is-Computer-Science-the-Same-as-Programming-1024x683-1.jpg 1024w, https:\/\/oposicionesinformaticaysai.com\/wp-content\/uploads\/2024\/06\/Is-Computer-Science-the-Same-as-Programming-1024x683-1-300x200.jpg 300w, https:\/\/oposicionesinformaticaysai.com\/wp-content\/uploads\/2024\/06\/Is-Computer-Science-the-Same-as-Programming-1024x683-1-768x512.jpg 768w\" sizes=\"(max-width: 1024px) 100vw, 1024px\" \/><\/figure>\n<\/div>\n<\/div>\n<\/div>\n\n\n\n<div class=\"wp-block-column is-vertically-aligned-center is-layout-flow wp-block-column-is-layout-flow\">\n<h2 class=\"wp-block-heading has-blue-color has-text-color has-link-color wp-elements-b389cb677fdadb7dd6e4ca51df520cfe\" style=\"padding-bottom:var(--wp--preset--spacing--xx-small);letter-spacing:-0.02em;line-height:1.2\"> Parte Pr\u00e1ctica<\/h2>\n\n\n\n<ul>\n<li>Realizaci\u00f3n de <strong>supuestos pr\u00e1cticos<\/strong> de todos los contenidos posibles de los que podr\u00eda versar el pr\u00f3ximo examen pr\u00e1ctico.<\/li>\n\n\n\n<li>Resoluci\u00f3n de <strong>ex\u00e1menes de convocatorias anteriores<\/strong>.<\/li>\n<\/ul>\n<\/div>\n<\/div>\n\n\n\n<div class=\"wp-block-columns is-swap-on-mobile p-animation-text-moveUp is-layout-flex wp-container-core-columns-is-layout-8 wp-block-columns-is-layout-flex\" style=\"margin-bottom:var(--wp--preset--spacing--large);padding-top:var(--wp--preset--spacing--small);padding-bottom:var(--wp--preset--spacing--small)\">\n<div class=\"wp-block-column is-vertically-aligned-center is-layout-flow wp-block-column-is-layout-flow\">\n<h2 class=\"wp-block-heading has-blue-color has-text-color has-link-color wp-elements-54da9b4da56a6e58fe8550a57d0b7e2b\" style=\"padding-bottom:var(--wp--preset--spacing--xx-small);letter-spacing:-0.02em;line-height:1.2\"><strong><strong>Parte did\u00e1ctica<\/strong><\/strong><\/h2>\n\n\n\n<ul>\n<li>Orientaciones y asesoramiento personalizado para la e<strong>laboraci\u00f3n de la Programaci\u00f3n did\u00e1ctica y Unidades\/Situaciones de aprendizaje<\/strong>, que iremos realizando paso a paso a lo largo del curso, resolviendo todas las dudas que vayan surgiendo.<\/li>\n\n\n\n<li><strong>Actualizaci\u00f3n de la legislaci\u00f3n<\/strong> vigente.<\/li>\n\n\n\n<li>Formaci\u00f3n en <strong>metodolog\u00edas activas<\/strong>: gamificaci\u00f3n, cooperativo, ABP, Flipped Classroom&#8230;<\/li>\n\n\n\n<li>Entrega de una <strong>programaci\u00f3n did\u00e1ctica de ejemplo<\/strong> para que sirva de referencia.<\/li>\n\n\n\n<li>Preparaci\u00f3n de las <strong>exposiciones orales<\/strong>. Simulacros de exposici\u00f3n delante del preparador para poder recibir una valoraci\u00f3n y propuestas de mejora.<\/li>\n\n\n\n<li><strong>En esta \u00faltima parte, la mayor\u00eda de opositores que se han preparado conmigo han obtenido unas calificaciones bastante altas<\/strong>.<\/li>\n<\/ul>\n<\/div>\n\n\n\n<div class=\"wp-block-column is-layout-flow wp-block-column-is-layout-flow\">\n<div class=\"wp-block-columns is-layout-flex wp-container-core-columns-is-layout-7 wp-block-columns-is-layout-flex\">\n<div class=\"wp-block-column is-layout-flow wp-block-column-is-layout-flow\">\n<figure class=\"wp-block-image size-full has-custom-border\"><img loading=\"lazy\" decoding=\"async\" width=\"1100\" height=\"733\" src=\"https:\/\/oposicionesinformaticaysai.com\/wp-content\/uploads\/2024\/06\/office-rolling-frame-1100x733-1.jpg\" alt=\"\" class=\"wp-image-97\" style=\"border-radius:6px\" srcset=\"https:\/\/oposicionesinformaticaysai.com\/wp-content\/uploads\/2024\/06\/office-rolling-frame-1100x733-1.jpg 1100w, https:\/\/oposicionesinformaticaysai.com\/wp-content\/uploads\/2024\/06\/office-rolling-frame-1100x733-1-300x200.jpg 300w, https:\/\/oposicionesinformaticaysai.com\/wp-content\/uploads\/2024\/06\/office-rolling-frame-1100x733-1-1024x682.jpg 1024w, https:\/\/oposicionesinformaticaysai.com\/wp-content\/uploads\/2024\/06\/office-rolling-frame-1100x733-1-768x512.jpg 768w\" sizes=\"(max-width: 1100px) 100vw, 1100px\" \/><\/figure>\n<\/div>\n<\/div>\n<\/div>\n<\/div>\n<\/div>\n","protected":false},"excerpt":{"rendered":"<p>Bas\u00e1ndome en mis conocimientos y experiencia tanto como opositor y como preparador, he desarrollado una&hellip;<\/p>\n","protected":false},"author":1,"featured_media":0,"parent":0,"menu_order":0,"comment_status":"closed","ping_status":"closed","template":"","meta":{"om_disable_all_campaigns":false,"_monsterinsights_skip_tracking":false,"_monsterinsights_sitenote_active":false,"_monsterinsights_sitenote_note":"","_monsterinsights_sitenote_category":0,"footnotes":""},"aioseo_notices":[],"_links":{"self":[{"href":"https:\/\/oposicionesinformaticaysai.com\/index.php\/wp-json\/wp\/v2\/pages\/91"}],"collection":[{"href":"https:\/\/oposicionesinformaticaysai.com\/index.php\/wp-json\/wp\/v2\/pages"}],"about":[{"href":"https:\/\/oposicionesinformaticaysai.com\/index.php\/wp-json\/wp\/v2\/types\/page"}],"author":[{"embeddable":true,"href":"https:\/\/oposicionesinformaticaysai.com\/index.php\/wp-json\/wp\/v2\/users\/1"}],"replies":[{"embeddable":true,"href":"https:\/\/oposicionesinformaticaysai.com\/index.php\/wp-json\/wp\/v2\/comments?post=91"}],"version-history":[{"count":8,"href":"https:\/\/oposicionesinformaticaysai.com\/index.php\/wp-json\/wp\/v2\/pages\/91\/revisions"}],"predecessor-version":[{"id":457,"href":"https:\/\/oposicionesinformaticaysai.com\/index.php\/wp-json\/wp\/v2\/pages\/91\/revisions\/457"}],"wp:attachment":[{"href":"https:\/\/oposicionesinformaticaysai.com\/index.php\/wp-json\/wp\/v2\/media?parent=91"}],"curies":[{"name":"wp","href":"https:\/\/api.w.org\/{rel}","templated":true}]}}